{"id":15,"date":"2021-10-12T13:10:55","date_gmt":"2021-10-12T13:10:55","guid":{"rendered":"https:\/\/cuisines-binova-paysaubagne.fr\/?page_id=15"},"modified":"2021-12-09T13:14:56","modified_gmt":"2021-12-09T13:14:56","slug":"binova","status":"publish","type":"page","link":"https:\/\/cuisines-binova-paysaubagne.fr\/en\/","title":{"rendered":"Binova"},"content":{"rendered":"","protected":false},"excerpt":{"rendered":"","protected":false},"author":1,"featured_media":364,"parent":0,"menu_order":0,"comment_status":"closed","ping_status":"closed","template":"","meta":{"_monsterinsights_skip_tracking":false,"_monsterinsights_sitenote_active":false,"_monsterinsights_sitenote_note":"","_monsterinsights_sitenote_category":0,"footnotes":""},"class_list":["post-15","page","type-page","status-publish","has-post-thumbnail","czr-hentry"],"yoast_head":"<!-- This site is optimized with the Yoast SEO plugin v25.6 - https:\/\/yoast.com\/wordpress\/plugins\/seo\/ -->\n<title>Binova Cucine &#8226; Pays d&#039;Aubagne &amp; Aix-en-Provence<\/title>\n<meta name=\"description\" content=\"Cuisines Binova Pays d&#039;Aubagne &#8226; Distributeur de cuisines tr\u00e8s haut de gamme \u00e0 Aix-en-Provence et Pays d&#039;Aubagne\" \/>\n<meta name=\"robots\" content=\"index, follow, max-snippet:-1, max-image-preview:large, max-video-preview:-1\" \/>\n<link rel=\"canonical\" href=\"https:\/\/cuisines-binova-paysaubagne.fr\/en\/\" \/>\n<meta property=\"og:locale\" content=\"en_GB\" \/>\n<meta property=\"og:type\" content=\"article\" \/>\n<meta property=\"og:title\" content=\"Cuisines Binova \u00e0 Aix-en-Provence &amp; Pays d&#039;Aubagne\" \/>\n<meta property=\"og:description\" content=\"Cuisines Binova Pays d&#039;Aubagne &#8226; Distributeur de cuisines tr\u00e8s haut de gamme \u00e0 Aix-en-Provence et Pays d&#039;Aubagne\" \/>\n<meta property=\"og:url\" content=\"https:\/\/cuisines-binova-paysaubagne.fr\/en\/\" \/>\n<meta property=\"og:site_name\" content=\"Cuisines Binova\" \/>\n<meta property=\"article:modified_time\" content=\"2021-12-09T13:14:56+00:00\" \/>\n<meta property=\"og:image\" content=\"https:\/\/cuisines-binova-paysaubagne.fr\/wp-content\/uploads\/2021\/10\/Cuisines-binova-Avola-4.jpeg\" \/>\n\t<meta property=\"og:image:width\" content=\"1280\" \/>\n\t<meta property=\"og:image:height\" content=\"1280\" \/>\n\t<meta property=\"og:image:type\" content=\"image\/jpeg\" \/>\n<meta name=\"twitter:card\" content=\"summary_large_image\" \/>\n<script type=\"application\/ld+json\" class=\"yoast-schema-graph\">{\"@context\":\"https:\/\/schema.org\",\"@graph\":[{\"@type\":\"WebPage\",\"@id\":\"https:\/\/cuisines-binova-paysaubagne.fr\/\",\"url\":\"https:\/\/cuisines-binova-paysaubagne.fr\/\",\"name\":\"Binova Cucine &#8226; Pays d'Aubagne & Aix-en-Provence\",\"isPartOf\":{\"@id\":\"https:\/\/cuisines-binova-paysaubagne.fr\/#website\"},\"primaryImageOfPage\":{\"@id\":\"https:\/\/cuisines-binova-paysaubagne.fr\/#primaryimage\"},\"image\":{\"@id\":\"https:\/\/cuisines-binova-paysaubagne.fr\/#primaryimage\"},\"thumbnailUrl\":\"https:\/\/cuisines-binova-paysaubagne.fr\/wp-content\/uploads\/2021\/10\/Cuisines-binova-Avola-2.jpeg\",\"datePublished\":\"2021-10-12T13:10:55+00:00\",\"dateModified\":\"2021-12-09T13:14:56+00:00\",\"description\":\"Cuisines Binova Pays d'Aubagne &#8226; Distributeur de cuisines tr\u00e8s haut de gamme \u00e0 Aix-en-Provence et Pays d'Aubagne\",\"breadcrumb\":{\"@id\":\"https:\/\/cuisines-binova-paysaubagne.fr\/#breadcrumb\"},\"inLanguage\":\"en-GB\",\"potentialAction\":[{\"@type\":\"ReadAction\",\"target\":[\"https:\/\/cuisines-binova-paysaubagne.fr\/\"]}]},{\"@type\":\"ImageObject\",\"inLanguage\":\"en-GB\",\"@id\":\"https:\/\/cuisines-binova-paysaubagne.fr\/#primaryimage\",\"url\":\"https:\/\/cuisines-binova-paysaubagne.fr\/wp-content\/uploads\/2021\/10\/Cuisines-binova-Avola-2.jpeg\",\"contentUrl\":\"https:\/\/cuisines-binova-paysaubagne.fr\/wp-content\/uploads\/2021\/10\/Cuisines-binova-Avola-2.jpeg\",\"width\":1280,\"height\":800,\"caption\":\"Cuisines Binova Avola\"},{\"@type\":\"BreadcrumbList\",\"@id\":\"https:\/\/cuisines-binova-paysaubagne.fr\/#breadcrumb\",\"itemListElement\":[{\"@type\":\"ListItem\",\"position\":1,\"name\":\"Accueil\",\"item\":\"https:\/\/cuisines-binova-paysaubagne.fr\/\"},{\"@type\":\"ListItem\",\"position\":2,\"name\":\"Binova\"}]},{\"@type\":\"WebSite\",\"@id\":\"https:\/\/cuisines-binova-paysaubagne.fr\/#website\",\"url\":\"https:\/\/cuisines-binova-paysaubagne.fr\/\",\"name\":\"Cuisines Binova\",\"description\":\"Cuisines Binova et Miton Pays d&#039;Aubagne\",\"publisher\":{\"@id\":\"https:\/\/cuisines-binova-paysaubagne.fr\/#organization\"},\"potentialAction\":[{\"@type\":\"SearchAction\",\"target\":{\"@type\":\"EntryPoint\",\"urlTemplate\":\"https:\/\/cuisines-binova-paysaubagne.fr\/?s={search_term_string}\"},\"query-input\":{\"@type\":\"PropertyValueSpecification\",\"valueRequired\":true,\"valueName\":\"search_term_string\"}}],\"inLanguage\":\"en-GB\"},{\"@type\":\"Organization\",\"@id\":\"https:\/\/cuisines-binova-paysaubagne.fr\/#organization\",\"name\":\"Cuisines Binova\",\"url\":\"https:\/\/cuisines-binova-paysaubagne.fr\/\",\"logo\":{\"@type\":\"ImageObject\",\"inLanguage\":\"en-GB\",\"@id\":\"https:\/\/cuisines-binova-paysaubagne.fr\/#\/schema\/logo\/image\/\",\"url\":\"https:\/\/cuisines-binova-paysaubagne.fr\/wp-content\/uploads\/2021\/10\/cropped-Binova-Cucine-Logo.png\",\"contentUrl\":\"https:\/\/cuisines-binova-paysaubagne.fr\/wp-content\/uploads\/2021\/10\/cropped-Binova-Cucine-Logo.png\",\"width\":600,\"height\":128,\"caption\":\"Cuisines Binova\"},\"image\":{\"@id\":\"https:\/\/cuisines-binova-paysaubagne.fr\/#\/schema\/logo\/image\/\"}}]}<\/script>\n<!-- \/ Yoast SEO plugin. -->","yoast_head_json":{"title":"Binova Cucine - Aubagne &amp; Aix-en-Provence region","description":"Cuisines Binova Pays d'Aubagne - Distributor of top-of-the-range kitchens in Aix-en-Provence and Pays d'Aubagne","robots":{"index":"index","follow":"follow","max-snippet":"max-snippet:-1","max-image-preview":"max-image-preview:large","max-video-preview":"max-video-preview:-1"},"canonical":"https:\/\/cuisines-binova-paysaubagne.fr\/en\/","og_locale":"en_GB","og_type":"article","og_title":"Cuisines Binova \u00e0 Aix-en-Provence & Pays d'Aubagne","og_description":"Cuisines Binova Pays d'Aubagne &#8226; Distributeur de cuisines tr\u00e8s haut de gamme \u00e0 Aix-en-Provence et Pays d'Aubagne","og_url":"https:\/\/cuisines-binova-paysaubagne.fr\/en\/","og_site_name":"Cuisines Binova","article_modified_time":"2021-12-09T13:14:56+00:00","og_image":[{"width":1280,"height":1280,"url":"https:\/\/cuisines-binova-paysaubagne.fr\/wp-content\/uploads\/2021\/10\/Cuisines-binova-Avola-4.jpeg","type":"image\/jpeg"}],"twitter_card":"summary_large_image","schema":{"@context":"https:\/\/schema.org","@graph":[{"@type":"WebPage","@id":"https:\/\/cuisines-binova-paysaubagne.fr\/","url":"https:\/\/cuisines-binova-paysaubagne.fr\/","name":"Binova Cucine - Aubagne &amp; Aix-en-Provence region","isPartOf":{"@id":"https:\/\/cuisines-binova-paysaubagne.fr\/#website"},"primaryImageOfPage":{"@id":"https:\/\/cuisines-binova-paysaubagne.fr\/#primaryimage"},"image":{"@id":"https:\/\/cuisines-binova-paysaubagne.fr\/#primaryimage"},"thumbnailUrl":"https:\/\/cuisines-binova-paysaubagne.fr\/wp-content\/uploads\/2021\/10\/Cuisines-binova-Avola-2.jpeg","datePublished":"2021-10-12T13:10:55+00:00","dateModified":"2021-12-09T13:14:56+00:00","description":"Cuisines Binova Pays d'Aubagne - Distributor of top-of-the-range kitchens in Aix-en-Provence and Pays d'Aubagne","breadcrumb":{"@id":"https:\/\/cuisines-binova-paysaubagne.fr\/#breadcrumb"},"inLanguage":"en-GB","potentialAction":[{"@type":"ReadAction","target":["https:\/\/cuisines-binova-paysaubagne.fr\/"]}]},{"@type":"ImageObject","inLanguage":"en-GB","@id":"https:\/\/cuisines-binova-paysaubagne.fr\/#primaryimage","url":"https:\/\/cuisines-binova-paysaubagne.fr\/wp-content\/uploads\/2021\/10\/Cuisines-binova-Avola-2.jpeg","contentUrl":"https:\/\/cuisines-binova-paysaubagne.fr\/wp-content\/uploads\/2021\/10\/Cuisines-binova-Avola-2.jpeg","width":1280,"height":800,"caption":"Cuisines Binova Avola"},{"@type":"BreadcrumbList","@id":"https:\/\/cuisines-binova-paysaubagne.fr\/#breadcrumb","itemListElement":[{"@type":"ListItem","position":1,"name":"Accueil","item":"https:\/\/cuisines-binova-paysaubagne.fr\/"},{"@type":"ListItem","position":2,"name":"Binova"}]},{"@type":"WebSite","@id":"https:\/\/cuisines-binova-paysaubagne.fr\/#website","url":"https:\/\/cuisines-binova-paysaubagne.fr\/","name":"Binova Kitchens","description":"Binova and Miton kitchens Pays d'Aubagne","publisher":{"@id":"https:\/\/cuisines-binova-paysaubagne.fr\/#organization"},"potentialAction":[{"@type":"SearchAction","target":{"@type":"EntryPoint","urlTemplate":"https:\/\/cuisines-binova-paysaubagne.fr\/?s={search_term_string}"},"query-input":{"@type":"PropertyValueSpecification","valueRequired":true,"valueName":"search_term_string"}}],"inLanguage":"en-GB"},{"@type":"Organization","@id":"https:\/\/cuisines-binova-paysaubagne.fr\/#organization","name":"Binova Kitchens","url":"https:\/\/cuisines-binova-paysaubagne.fr\/","logo":{"@type":"ImageObject","inLanguage":"en-GB","@id":"https:\/\/cuisines-binova-paysaubagne.fr\/#\/schema\/logo\/image\/","url":"https:\/\/cuisines-binova-paysaubagne.fr\/wp-content\/uploads\/2021\/10\/cropped-Binova-Cucine-Logo.png","contentUrl":"https:\/\/cuisines-binova-paysaubagne.fr\/wp-content\/uploads\/2021\/10\/cropped-Binova-Cucine-Logo.png","width":600,"height":128,"caption":"Cuisines Binova"},"image":{"@id":"https:\/\/cuisines-binova-paysaubagne.fr\/#\/schema\/logo\/image\/"}}]}},"_links":{"self":[{"href":"https:\/\/cuisines-binova-paysaubagne.fr\/en\/wp-json\/wp\/v2\/pages\/15"}],"collection":[{"href":"https:\/\/cuisines-binova-paysaubagne.fr\/en\/wp-json\/wp\/v2\/pages"}],"about":[{"href":"https:\/\/cuisines-binova-paysaubagne.fr\/en\/wp-json\/wp\/v2\/types\/page"}],"author":[{"embeddable":true,"href":"https:\/\/cuisines-binova-paysaubagne.fr\/en\/wp-json\/wp\/v2\/users\/1"}],"replies":[{"embeddable":true,"href":"https:\/\/cuisines-binova-paysaubagne.fr\/en\/wp-json\/wp\/v2\/comments?post=15"}],"version-history":[{"count":2,"href":"https:\/\/cuisines-binova-paysaubagne.fr\/en\/wp-json\/wp\/v2\/pages\/15\/revisions"}],"predecessor-version":[{"id":1176,"href":"https:\/\/cuisines-binova-paysaubagne.fr\/en\/wp-json\/wp\/v2\/pages\/15\/revisions\/1176"}],"wp:featuredmedia":[{"embeddable":true,"href":"https:\/\/cuisines-binova-paysaubagne.fr\/en\/wp-json\/wp\/v2\/media\/364"}],"wp:attachment":[{"href":"https:\/\/cuisines-binova-paysaubagne.fr\/en\/wp-json\/wp\/v2\/media?parent=15"}],"curies":[{"name":"wp","href":"https:\/\/api.w.org\/{rel}","templated":true}]}}